{"id":1349,"date":"2018-04-17T15:47:58","date_gmt":"2018-04-17T15:47:58","guid":{"rendered":"https:\/\/vantablack.eu\/?page_id=1349"},"modified":"2018-09-19T07:42:26","modified_gmt":"2018-09-19T07:42:26","slug":"custom-services","status":"publish","type":"page","link":"https:\/\/taxi-casablanca-airport.com\/en\/custom-services\/","title":{"rendered":"Custom services"},"content":{"rendered":"<div class=\"wpb-content-wrapper\"><p>[vc_row css=&#8221;.vc_custom_1525075078876{background-image: url(https:\/\/taxi-casablanca-airport.com\/wp-content\/uploads\/2018\/04\/chauffeur-vtc-mercedes-E-1.jpg?id=1655) !important;background-position: center !important;background-repeat: no-repeat !important;background-size: cover !important;}&#8221; el_class=&#8221;homepage-slider bg-attached&#8221;][vc_column css=&#8221;.vc_custom_1523973182476{margin-top: 100px !important;}&#8221;][vc_custom_heading text=&#8221;Mise a disposition&#8221; font_container=&#8221;tag:h1|font_size:50|text_align:center|color:%23ffffff&#8221; google_fonts=&#8221;font_family:Open%20Sans%3A300%2C300italic%2Cregular%2Citalic%2C600%2C600italic%2C700%2C700italic%2C800%2C800italic|font_style:800%20bold%20regular%3A800%3Anormal&#8221;][vc_custom_heading text=&#8221;de v\u00e9hicule avec chauffeur&#8221; font_container=&#8221;tag:h2|font_size:50|text_align:center|color:%23ffffff&#8221; google_fonts=&#8221;font_family:Open%20Sans%3A300%2C300italic%2Cregular%2Citalic%2C600%2C600italic%2C700%2C700italic%2C800%2C800italic|font_style:600%20bold%20regular%3A600%3Anormal&#8221; css=&#8221;.vc_custom_1523973562474{margin-top: -15px !important;}&#8221;][vc_separator color=&#8221;custom&#8221; border_width=&#8221;2&#8243; el_width=&#8221;10&#8243; accent_color=&#8221;#896b2c&#8221;][vc_column_text css=&#8221;.vc_custom_1537345691553{margin-top: -20px !important;}&#8221;]<\/p>\n<p class=\"subtitle-lvl1\" style=\"text-align: center;\"><span style=\"font-family: 'trebuchet ms', geneva, sans-serif; color: #ffffff;\"><strong><span style=\"font-size: 18pt;\">Besoin d&#8217;un chauffeur priv\u00e9 pour vous d\u00e9placer librement sur CASABLANCA?<\/span><\/strong><\/span><\/p>\n<p class=\"p-intro\" style=\"text-align: center;\"><span style=\"font-size: 14pt; font-family: 'trebuchet ms', geneva, sans-serif; color: #ffffff;\">C&#8217;est possible avec Taxi Casablanca Airport qui vous propose un service sur-mesure de mise \u00e0 disposition<br \/>\nde voiture avec chauffeur pour une dur\u00e9e pouvant aller de quelques heures \u00e0 plusieurs jours.<\/span><\/p>\n<p>[\/vc_column_text][\/vc_column][\/vc_row][vc_row el_class=&#8221; container &#8220;][vc_column width=&#8221;2\/3&#8221;][vc_row_inner][vc_column_inner][vc_column_text]<\/p>\n<h2>Nous proposons un Service de mise \u00e0 disposition complet et sur mesure<\/h2>\n<p>[\/vc_column_text][vc_separator color=&#8221;custom&#8221; align=&#8221;align_left&#8221; border_width=&#8221;2&#8243; el_width=&#8221;10&#8243; css=&#8221;.vc_custom_1524073243170{margin-top: -25px !important;}&#8221; accent_color=&#8221;#896b2c&#8221;][\/vc_column_inner][\/vc_row_inner][vc_column_text]<span style=\"font-size: 12pt; color: #000000;\">Besoin d&#8217;une voiture de tourisme avec chauffeur \u00e0 l&#8217;heure ou \u00e0 la journ\u00e9e? Nous proposons la solution adapt\u00e9e \u00e0 vos attentes<\/span><\/p>\n<ul>\n<li><span style=\"font-size: 12pt; color: #000000;\"><strong>Pour vos d\u00e9placements professionnels :<\/strong>\u00a0Congr\u00e9s, \u00c9v\u00e8nements ou diner d&#8217;affaires..<\/span><\/li>\n<li><span style=\"font-size: 12pt; color: #000000;\"><strong>Pour vos d\u00e9placements personnels :<\/strong>\u00a0Diner, Soir\u00e9es, Shopping ou un rendez-vous chez le m\u00e9decin..<\/span><\/li>\n<li><span style=\"color: #000000; font-size: 12pt;\"><strong>Une visite touristique<\/strong><\/span><\/li>\n<li><span style=\"font-size: 12pt; color: #000000;\"><strong>\u00c9v\u00e8nements exceptionnels :\u00a0<\/strong>Mariages, Anniversaires, R\u00e9ceptions..<\/span><\/li>\n<\/ul>\n<p><span style=\"font-size: 12pt; color: #000000;\">Pour toutes ces occasions, nous mettons \u00e0 disposition un Chauffeur VTC avec une Berline ou Van de standing, avec tout les \u00e9quipements n\u00e9cessaires \u00e0 bord pour rendre votre trajet agr\u00e9able.<\/span>[\/vc_column_text][vc_row_inner][vc_column_inner][vc_single_image image=&#8221;521&#8243; img_size=&#8221;full&#8221;][\/vc_column_inner][\/vc_row_inner][vc_row_inner][vc_column_inner][vc_column_text]<\/p>\n<h3><span style=\"color: #000000; font-size: 14pt;\"><span style=\"color: #000000;\"><b>Comp\u00e9tence<\/b><\/span><strong style=\"color: #000000;\">\u00a0<\/strong><\/span><\/h3>\n<p><span style=\"font-size: 12pt; color: #000000;\">Nos chauffeurs connaissent parfaitement la region de CASABLANCA, les grands magasins ainsi que les bonnes adresses gastronomiques.<\/span><br \/>\n<span style=\"font-size: 12pt; color: #000000;\">Votre chauffeur vous attendra le temps n\u00e9cessaire pour rendre agr\u00e9able vos d\u00e9placements.<\/span><br \/>\n<span style=\"font-size: 12pt; color: #000000;\">Notre but est votre satisfaction, c&#8217;est pourquoi nous travaillons chaque jour pour nous am\u00e9liorer.<\/span><br \/>\n<span style=\"font-size: 12pt; color: #000000;\">Nous sommes \u00e0 votre \u00e9coute, pour toute demande particuli\u00e8re et nous restons \u00e0 votre disposition.<\/span><br \/>\n<span style=\"font-size: 12pt; color: #000000;\"><strong>Un client satisfait est la meilleur des publicit\u00e9s\u00a0<\/strong><\/span>[\/vc_column_text][\/vc_column_inner][\/vc_row_inner][vc_row_inner][vc_column_inner][vc_column_text]<\/p>\n<h3><span style=\"font-size: 14pt; color: #000000;\"><strong>La mise \u00e0 disposition comprend<\/strong><\/span><\/h3>\n<ul style=\"list-style-type: square;\">\n<li><span style=\"font-size: 12pt; color: #000000;\">Un prix fixe<\/span><\/li>\n<li><span style=\"font-size: 12pt; color: #000000;\">Une Berline ou Van haut de gamme<\/span><\/li>\n<li><span style=\"font-size: 12pt; color: #000000;\">Un chauffeur exp\u00e9riment\u00e9<\/span><\/li>\n<li><span style=\"font-size: 12pt; color: #000000;\">Un accueil personnalis\u00e9 et le transport de vos bagages<\/span><\/li>\n<li><span style=\"font-size: 12pt; color: #000000;\">Le carburant, les p\u00e9ages ainsi que les assurances\u00a0<\/span><\/li>\n<\/ul>\n<p>[\/vc_column_text][\/vc_column_inner][\/vc_row_inner][\/vc_column][vc_column width=&#8221;1\/3&#8243;][vc_row_inner css=&#8221;.vc_custom_1525435585787{padding-top: 40px !important;}&#8221;][vc_column_inner width=&#8221;1\/4&#8243; offset=&#8221;vc_hidden-xs&#8221;][vc_icon icon_fontawesome=&#8221;fa fa-check-circle-o&#8221; color=&#8221;custom&#8221; custom_color=&#8221;#bd9642&#8243;][\/vc_column_inner][vc_column_inner width=&#8221;3\/4&#8243;][vc_column_text]<strong><span style=\"color: #000000;\">Service \u00e0 bord<\/span><br \/>\n<\/strong>Voyagez tout confort! Nous proposons toute une gamme de services \u00e0 bord : Rafraichissement, acc\u00e8s internet wifi, chargeur mobile, magazines, si\u00e8ge enfant si besoin.[\/vc_column_text][\/vc_column_inner][\/vc_row_inner][vc_separator style=&#8221;dashed&#8221;][vc_row_inner][vc_column_inner width=&#8221;1\/4&#8243; offset=&#8221;vc_hidden-xs&#8221;][vc_icon icon_fontawesome=&#8221;fa fa-check-circle-o&#8221; color=&#8221;custom&#8221; custom_color=&#8221;#bd9642&#8243;][\/vc_column_inner][vc_column_inner width=&#8221;3\/4&#8243;][vc_column_text]<span style=\"color: #000000;\"><b>S\u00e9curit\u00e9<\/b><\/span><br \/>\nVotre s\u00e9curit\u00e9 est notre priorit\u00e9. Nos chauffeurs sont de v\u00e9ritables experts de la route et nos v\u00e9hicules parfaitement entretenus.[\/vc_column_text][\/vc_column_inner][\/vc_row_inner][vc_separator style=&#8221;dashed&#8221;][vc_row_inner][vc_column_inner width=&#8221;1\/4&#8243; offset=&#8221;vc_hidden-xs&#8221;][vc_icon icon_fontawesome=&#8221;fa fa-check-circle-o&#8221; color=&#8221;custom&#8221; custom_color=&#8221;#bd9642&#8243;][\/vc_column_inner][vc_column_inner width=&#8221;3\/4&#8243;][vc_column_text]<strong><span style=\"color: #000000;\">VTC : Tarif maitris\u00e9<\/span><br \/>\n<\/strong>Contrairement \u00e0 un taxi, vous n&#8217;avez pas de compteur qui tourne. Le tarif d&#8217;une course est connu et fix\u00e9, \u00e0 l&#8217;avance, pas de mauvaise surprise ![\/vc_column_text][\/vc_column_inner][\/vc_row_inner][vc_separator style=&#8221;dashed&#8221;][vc_row_inner][vc_column_inner width=&#8221;1\/4&#8243; offset=&#8221;vc_hidden-xs&#8221;][vc_icon icon_fontawesome=&#8221;fa fa-check-circle-o&#8221; color=&#8221;custom&#8221; custom_color=&#8221;#bd9642&#8243;][\/vc_column_inner][vc_column_inner width=&#8221;3\/4&#8243;][vc_column_text]<strong><span style=\"color: #000000;\">Courtoisie, discr\u00e9tion et convivialit\u00e9<\/span><br \/>\n<\/strong>Nos chauffeurs sont courtois et nous avons \u00e0 coeur de faire de votre transfert un moment agr\u00e9able. Nous connaissons vos habitudes et savons en tenir compte.[\/vc_column_text][\/vc_column_inner][\/vc_row_inner][\/vc_column][\/vc_row][vc_row css=&#8221;.vc_custom_1524072758847{padding-top: 50px !important;padding-bottom: 50px !important;background-image: url(https:\/\/taxi-casablanca-airport.com\/wp-content\/uploads\/2018\/04\/chauffeur-vtc-port-monaco.jpg?id=1427) !important;background-position: center !important;background-repeat: no-repeat !important;background-size: cover !important;}&#8221;][vc_column width=&#8221;2\/3&#8243;][vc_column_text]<\/p>\n<p style=\"text-align: center;\"><span style=\"color: #ffffff; font-size: 24pt;\"><strong>R\u00e9servez votre Mise \u00e0 disposition !<\/strong><\/span><\/p>\n<p>[\/vc_column_text][\/vc_column][vc_column width=&#8221;1\/3&#8243;][vc_btn title=&#8221;CONTACTEZ-NOUS&#8221; style=&#8221;outline-custom&#8221; outline_custom_color=&#8221;#ffffff&#8221; outline_custom_hover_background=&#8221;#ffffff&#8221; outline_custom_hover_text=&#8221;#000000&#8243; shape=&#8221;square&#8221; size=&#8221;lg&#8221; align=&#8221;center&#8221; link=&#8221;url:https%3A%2F%2Fvantablack.eu%2Fcontactez-nous%2F|||&#8221;][\/vc_column][\/vc_row][vc_row][vc_column][vc_row_inner el_class=&#8221; container &#8220;][vc_column_inner][vc_column_text]<\/p>\n<h2 style=\"text-align: center;\"><span style=\"font-size: 18pt; color: #000000;\"><strong>Deux gammes de v\u00e9hicules s\u2019offrent a vous<\/strong><\/span><\/h2>\n<p>[\/vc_column_text][\/vc_column_inner][\/vc_row_inner][vc_row_inner el_class=&#8221; container &#8220;][vc_column_inner width=&#8221;1\/2&#8243;][vc_single_image image=&#8221;1045&#8243; img_size=&#8221;large&#8221; alignment=&#8221;center&#8221; css=&#8221;.vc_custom_1525258659185{margin-top: 10px !important;}&#8221;][vc_column_text css=&#8221;.vc_custom_1525435410597{margin-top: -45px !important;}&#8221;]<\/p>\n<h3 style=\"text-align: center;\"><span style=\"color: #808080;\"><strong><span style=\"font-size: 14pt;\">Mercedes classe E<\/span><\/strong><\/span><\/h3>\n<p>[\/vc_column_text][vc_single_image image=&#8221;1030&#8243; img_size=&#8221;medium&#8221; alignment=&#8221;center&#8221; css=&#8221;.vc_custom_1525277312344{margin-top: -35px !important;}&#8221;][\/vc_column_inner][vc_column_inner width=&#8221;1\/2&#8243;][vc_single_image image=&#8221;1046&#8243; img_size=&#8221;large&#8221; alignment=&#8221;center&#8221;][vc_column_text css=&#8221;.vc_custom_1525435419812{margin-top: -35px !important;}&#8221;]<\/p>\n<h3 style=\"text-align: center;\"><span style=\"color: #808080;\"><strong><span style=\"font-size: 14pt;\">Mercedes classe V<\/span><\/strong><\/span><\/h3>\n<p>[\/vc_column_text][vc_single_image image=&#8221;1041&#8243; img_size=&#8221;medium&#8221; alignment=&#8221;center&#8221; css=&#8221;.vc_custom_1525277337458{margin-top: -35px !important;}&#8221;][\/vc_column_inner][\/vc_row_inner][\/vc_column][\/vc_row][vc_row gap=&#8221;25&#8243; equal_height=&#8221;yes&#8221; css_animation=&#8221;none&#8221; el_class=&#8221; container &#8220;][vc_column width=&#8221;1\/3&#8243; css=&#8221;.vc_custom_1525258343566{padding-top: 120px !important;background-image: url(https:\/\/taxi-casablanca-airport.com\/wp-content\/uploads\/2018\/04\/chauffeur-vtc-prive-transfert.jpg?id=1369) !important;background-position: center !important;background-repeat: no-repeat !important;background-size: cover !important;}&#8221;][vc_column_text css=&#8221;.vc_custom_1525435436009{padding-bottom: 30px !important;}&#8221;]<\/p>\n<div class=\"wpb_text_column wpb_content_element vc_custom_1525256562068\">\n<div class=\"wpb_wrapper\">\n<h2 style=\"text-align: center;\"><span style=\"font-size: 18pt; color: #ffffff;\"><strong>Transfert A\u00e9roport<br \/>\n<\/strong>Berline &amp; Van<\/span><\/h2>\n<\/div>\n<\/div>\n<p>[\/vc_column_text][vc_btn title=&#8221;Acc\u00e9der&#8221; style=&#8221;outline-custom&#8221; outline_custom_color=&#8221;#ffffff&#8221; outline_custom_hover_background=&#8221;#ffffff&#8221; outline_custom_hover_text=&#8221;#000000&#8243; shape=&#8221;square&#8221; align=&#8221;center&#8221; link=&#8221;url:https%3A%2F%2Fvantablack.eu%2Ftransfert-aeroport%2F|||&#8221;][\/vc_column][vc_column width=&#8221;1\/3&#8243; css=&#8221;.vc_custom_1525258350173{padding-top: 120px !important;background-image: url(https:\/\/taxi-casablanca-airport.com\/wp-content\/uploads\/2018\/04\/chauffeur-vtc-offre-entreprise.jpg?id=1476) !important;background-position: center !important;background-repeat: no-repeat !important;background-size: cover !important;}&#8221;][vc_column_text css=&#8221;.vc_custom_1525435445095{padding-bottom: 30px !important;}&#8221;]<\/p>\n<h2 style=\"text-align: center;\"><span style=\"font-size: 18pt; color: #ffffff;\"><strong>Offre Entreprise<br \/>\n<\/strong>Business<\/span><\/h2>\n<p>[\/vc_column_text][vc_btn title=&#8221;Acc\u00e9der&#8221; style=&#8221;outline-custom&#8221; outline_custom_color=&#8221;#ffffff&#8221; outline_custom_hover_background=&#8221;#ffffff&#8221; outline_custom_hover_text=&#8221;#000000&#8243; shape=&#8221;square&#8221; align=&#8221;center&#8221; link=&#8221;url:https%3A%2F%2Fvantablack.eu%2Foffre-entreprise%2F|||&#8221;][\/vc_column][vc_column width=&#8221;1\/3&#8243; css=&#8221;.vc_custom_1525258358746{padding-top: 120px !important;background-image: url(https:\/\/taxi-casablanca-airport.com\/wp-content\/uploads\/2018\/04\/conciergerie-chauffeur-prive.jpg?id=1498) !important;background-position: center !important;background-repeat: no-repeat !important;background-size: cover !important;}&#8221;][vc_column_text css=&#8221;.vc_custom_1525435456410{padding-bottom: 30px !important;}&#8221;]<\/p>\n<h2 style=\"text-align: center;\"><span style=\"font-size: 18pt; color: #ffffff;\"><strong>Conciergerie<br \/>\n<\/strong>Particulier et Entreprise<\/span><\/h2>\n<p>[\/vc_column_text][vc_btn title=&#8221;Acc\u00e9der&#8221; style=&#8221;outline-custom&#8221; outline_custom_color=&#8221;#ffffff&#8221; outline_custom_hover_background=&#8221;#ffffff&#8221; outline_custom_hover_text=&#8221;#000000&#8243; shape=&#8221;square&#8221; align=&#8221;center&#8221; link=&#8221;url:https%3A%2F%2Fvantablack.eu%2Fconciergerie%2F|||&#8221;][\/vc_column][\/vc_row][vc_row gap=&#8221;25&#8243; el_class=&#8221; container &#8220;][vc_column width=&#8221;1\/2&#8243; css=&#8221;.vc_custom_1525258484988{background-image: url(https:\/\/taxi-casablanca-airport.com\/wp-content\/uploads\/2018\/04\/chauffeur-vtc-nice-1.jpg?id=1437) !important;background-position: center !important;background-repeat: no-repeat !important;background-size: cover !important;}&#8221;][vc_column_text]<\/p>\n<h2 style=\"text-align: center;\"><span style=\"font-size: 18pt; color: #ffffff;\"><strong>EXCURSIONS<br \/>\n<\/strong>&amp; VISITES TOURISTIQUES<\/span><\/h2>\n<p>[\/vc_column_text][vc_btn title=&#8221;Acc\u00e9der&#8221; style=&#8221;outline-custom&#8221; outline_custom_color=&#8221;#ffffff&#8221; outline_custom_hover_background=&#8221;#ffffff&#8221; outline_custom_hover_text=&#8221;#000000&#8243; shape=&#8221;square&#8221; align=&#8221;center&#8221; link=&#8221;url:https%3A%2F%2Ftaxi-casablanca-airport.com%2Ftaxi-essaouira-to-casablanca-airport%2F|||&#8221;][\/vc_column][vc_column width=&#8221;1\/2&#8243; css=&#8221;.vc_custom_1525258502160{background-image: url(https:\/\/taxi-casablanca-airport.com\/wp-content\/uploads\/2018\/04\/business-chauffeur-vtc.jpg?id=1486) !important;background-position: center !important;background-repeat: no-repeat !important;background-size: cover !important;}&#8221;][vc_column_text]<\/p>\n<h2 style=\"text-align: center;\"><span style=\"font-size: 18pt; color: #ffffff;\"><strong>\u00c9V\u00c9NEMENTS<br \/>\n<\/strong>&amp; FLOCAGE DE V\u00c9HICULES<\/span><\/h2>\n<p>[\/vc_column_text][\/vc_column][\/vc_row]<\/p>\n<\/div>","protected":false},"excerpt":{"rendered":"<p>[vc_row css=&#8221;.vc_custom_1525075078876{background-image: url(https:\/\/taxi-casablanca-airport.com\/wp-content\/uploads\/2018\/04\/chauffeur-vtc-mercedes-E-1.jpg?id=1655) !important;background-position: center !important;background-repeat: no-repeat !important;background-size: cover !important;}&#8221; el_class=&#8221;homepage-slider bg-attached&#8221;][vc_column css=&#8221;.vc_custom_1523973182476{margin-top: 100px !important;}&#8221;][vc_custom_heading text=&#8221;Mise a disposition&#8221; font_container=&#8221;tag:h1|font_size:50|text_align:center|color:%23ffffff&#8221; google_fonts=&#8221;font_family:Open%20Sans%3A300%2C300italic%2Cregular%2Citalic%2C600%2C600italic%2C700%2C700italic%2C800%2C800italic|font_style:800%20bold%20regular%3A800%3Anormal&#8221;][vc_custom_heading text=&#8221;de v\u00e9hicule avec chauffeur&#8221; font_container=&#8221;tag:h2|font_size:50|text_align:center|color:%23ffffff&#8221; google_fonts=&#8221;font_family:Open%20Sans%3A300%2C300italic%2Cregular%2Citalic%2C600%2C600italic%2C700%2C700italic%2C800%2C800italic|font_style:600%20bold%20regular%3A600%3Anormal&#8221; css=&#8221;.vc_custom_1523973562474{margin-top: -15px !important;}&#8221;][vc_separator color=&#8221;custom&#8221; border_width=&#8221;2&#8243; el_width=&#8221;10&#8243; accent_color=&#8221;#896b2c&#8221;][vc_column_text css=&#8221;.vc_custom_1537345691553{margin-top: -20px !important;}&#8221;] Besoin d&#8217;un chauffeur priv\u00e9 pour vous d\u00e9placer librement sur CASABLANCA? C&#8217;est possible avec Taxi Casablanca Airport qui vous propose [&hellip;]<\/p>\n","protected":false},"author":1,"featured_media":0,"parent":0,"menu_order":0,"comment_status":"closed","ping_status":"closed","template":"home-page.php","meta":{"_joinchat":[],"footnotes":""},"class_list":["post-1349","page","type-page","status-publish","hentry"],"_links":{"self":[{"href":"https:\/\/taxi-casablanca-airport.com\/en\/wp-json\/wp\/v2\/pages\/1349","targetHints":{"allow":["GET"]}}],"collection":[{"href":"https:\/\/taxi-casablanca-airport.com\/en\/wp-json\/wp\/v2\/pages"}],"about":[{"href":"https:\/\/taxi-casablanca-airport.com\/en\/wp-json\/wp\/v2\/types\/page"}],"author":[{"embeddable":true,"href":"https:\/\/taxi-casablanca-airport.com\/en\/wp-json\/wp\/v2\/users\/1"}],"replies":[{"embeddable":true,"href":"https:\/\/taxi-casablanca-airport.com\/en\/wp-json\/wp\/v2\/comments?post=1349"}],"version-history":[{"count":7,"href":"https:\/\/taxi-casablanca-airport.com\/en\/wp-json\/wp\/v2\/pages\/1349\/revisions"}],"predecessor-version":[{"id":2054,"href":"https:\/\/taxi-casablanca-airport.com\/en\/wp-json\/wp\/v2\/pages\/1349\/revisions\/2054"}],"wp:attachment":[{"href":"https:\/\/taxi-casablanca-airport.com\/en\/wp-json\/wp\/v2\/media?parent=1349"}],"curies":[{"name":"wp","href":"https:\/\/api.w.org\/{rel}","templated":true}]}}